{"id":746,"date":"2025-06-24T11:19:36","date_gmt":"2025-06-24T09:19:36","guid":{"rendered":"https:\/\/domainedebuchignon.com\/?page_id=746"},"modified":"2025-07-22T09:43:44","modified_gmt":"2025-07-22T07:43:44","slug":"yon-valley","status":"publish","type":"page","link":"https:\/\/domainedebuchignon.com\/en\/vallee-de-l-yon\/","title":{"rendered":"The Yon Valley"},"content":{"rendered":"<div class=\"wp-block-stackable-columns alignfull stk-block-columns stk-block stk-56b8f87\" id=\"domaine\" data-block-id=\"56b8f87\"><style>.stk-56b8f87 .stk--block-align-56b8f87{align-items:flex-start !important;}.stk-56b8f87 {align-items:flex-start !important;display:flex !important;}<\/style><div class=\"stk-row stk-inner-blocks stk--block-align-56b8f87 stk-block-content stk-content-align stk-56b8f87-column alignfull\">\n<div class=\"wp-block-stackable-column stk-block-column stk-column stk-block stk-786965a stk-block-background\" data-v=\"4\" data-block-id=\"786965a\"><style>.stk-786965a {align-self:center !important;background-color:#43756c !important;box-shadow:2px -2px 9px 0px #0000007a !important;align-items:flex-start !important;display:flex !important;}.stk-786965a:before{background-color:#43756c !important;}@media screen and (min-width: 768px){.stk-786965a {flex:var(--stk-flex-grow, 1) 1 calc(89.9% - var(--stk-column-gap, 0px) * 1 \/ 2 ) !important;}}<\/style><div class=\"stk-column-wrapper stk-block-column__content stk-container stk-786965a-container stk--no-background stk--no-padding\"><div class=\"stk-block-content stk-inner-blocks stk-786965a-inner-blocks\">\n<div class=\"wp-block-stackable-columns stk-block-columns stk-block stk-e4a4085\" data-block-id=\"e4a4085\"><style>.stk-e4a4085 .stk--block-align-e4a4085{align-items:center !important;}.stk-e4a4085 {align-items:flex-start !important;padding-top:50px !important;padding-bottom:50px !important;display:flex !important;}.stk-e4a4085-column{max-width:1366px !important;min-width:auto !important;}<\/style><div class=\"stk-row stk-inner-blocks stk--block-align-e4a4085 stk-block-content stk-content-align stk-e4a4085-column\">\n<div class=\"wp-block-stackable-column stk-block-column stk-column stk-block stk-bd807a2\" data-v=\"4\" data-block-id=\"bd807a2\"><style>.stk-bd807a2 {align-items:flex-start !important;display:flex !important;}@media screen and (min-width: 768px){.stk-bd807a2 {flex:var(--stk-flex-grow, 1) 1 calc(44.9% - var(--stk-column-gap, 0px) * 1 \/ 2 ) !important;}}<\/style><div class=\"stk-column-wrapper stk-block-column__content stk-container stk-bd807a2-container stk--no-background stk--no-padding\"><div class=\"stk-block-content stk-inner-blocks stk-bd807a2-inner-blocks\">\n<div class=\"wp-block-stackable-image stk-block-image stk-block stk-e437fbb\" data-block-id=\"e437fbb\"><style>.stk-e437fbb {box-shadow:-2px -2px 10px 0px #00000070 !important;}.stk-e437fbb .stk-img-wrapper{width:100% !important;height:722px !important;}@media screen and (max-width: 767px){.stk-e437fbb .stk-img-wrapper{height:300px !important;}}<\/style><figure><span class=\"stk-img-wrapper stk-image--shape-stretch\"><img loading=\"lazy\" decoding=\"async\" class=\"stk-img wp-image-755\" src=\"https:\/\/domainedebuchignon.com\/wp-content\/uploads\/2025\/06\/valleedelyon-2_webformat.webp\" width=\"667\" height=\"1000\" alt=\"the yon valley in the Vend\u00e9e\" srcset=\"https:\/\/domainedebuchignon.com\/wp-content\/uploads\/2025\/06\/valleedelyon-2_webformat.webp 667w, https:\/\/domainedebuchignon.com\/wp-content\/uploads\/2025\/06\/valleedelyon-2_webformat-200x300.webp 200w, https:\/\/domainedebuchignon.com\/wp-content\/uploads\/2025\/06\/valleedelyon-2_webformat-500x750.webp 500w\" sizes=\"auto, (max-width: 667px) 100vw, 667px\" \/><\/span><\/figure><\/div>\n<\/div><\/div><\/div>\n\n\n\n<div class=\"wp-block-stackable-column stk-block-column stk-column stk-block stk-449e8f6\" data-v=\"4\" data-block-id=\"449e8f6\"><style>.stk-449e8f6 {align-items:flex-start !important;display:flex !important;}@media screen and (min-width: 768px){.stk-449e8f6 {flex:var(--stk-flex-grow, 1) 1 calc(55.1% - var(--stk-column-gap, 0px) * 1 \/ 2 ) !important;}}<\/style><div class=\"stk-column-wrapper stk-block-column__content stk-container stk-449e8f6-container stk--no-background stk--no-padding\"><div class=\"stk-block-content stk-inner-blocks stk-449e8f6-inner-blocks\">\n<div class=\"wp-block-stackable-text stk-block-text stk-block stk-f69913b\" data-block-id=\"f69913b\"><style>.stk-f69913b {margin-bottom:0px !important;}.stk-f69913b .stk-block-text__text{color:#ffffff !important;}@media screen and (max-width: 767px){.stk-f69913b {margin-bottom:25px !important;}}<\/style><style class=\"stk-custom-css\">.stk-f69913b.stk-block-text a{text-decoration:none !important}<\/style><p class=\"stk-block-text__text has-text-color\">In the heart of the secret Vend\u00e9e, the day begins with wooded paths, granite chaos and ancient legends. Welcome to the Piquet and Pierre aux F\u00e9es valleys, a corner of unspoilt nature where hiking, gastronomy and heritage discovery go hand in hand.<\/p><\/div>\n\n\n\n<div class=\"wp-block-stackable-heading stk-block-heading stk-block-heading--v2 stk-block stk-b3f3738\" id=\"randonnee-au-coeur-de-la-nature\" data-block-id=\"b3f3738\"><style>.stk-b3f3738 .stk-block-heading__text{color:#cfc0a3 !important;}<\/style><h2 class=\"stk-block-heading__text has-text-color\">Walking in the heart of nature<\/h2><\/div>\n\n\n\n<div class=\"wp-block-stackable-text stk-block-text stk-block stk-9bc8fd2\" data-block-id=\"9bc8fd2\"><style>.stk-9bc8fd2 {margin-bottom:0px !important;}.stk-9bc8fd2 .stk-block-text__text{color:#ffffff !important;}@media screen and (max-width: 767px){.stk-9bc8fd2 {margin-bottom:25px !important;}}<\/style><style class=\"stk-custom-css\">.stk-f69913b.stk-block-text a{text-decoration:none !important}<\/style><p class=\"stk-block-text__text has-text-color\">Get your trainers on in the morning and set off for the Vall\u00e9e d'Yon. The starting point is the Piquet car park, accessible from the D50, a 20-minute drive from Domaine de Buchignon. This is the start of a 6.85 km route from the Guinguette de Piquet. The well-marked trail takes you through a setting that is both peaceful and wild.<\/p><\/div>\n\n\n\n<div class=\"wp-block-stackable-text stk-block-text stk-block stk-58983c3\" data-block-id=\"58983c3\"><style>.stk-58983c3 {margin-bottom:0px !important;}.stk-58983c3 .stk-block-text__text{color:#ffffff !important;}@media screen and (max-width: 767px){.stk-58983c3 {margin-bottom:25px !important;}}<\/style><style class=\"stk-custom-css\">.stk-58983c3.stk-block-text a{text-decoration:none !important}<\/style><p class=\"stk-block-text__text has-text-color\">You'll soon cross the Petit Rochereau district and climb up to the belvedere, a natural balcony overlooking the valley. The views are spectacular. Continuing towards Grand Rochereau, the path opens out onto a landscape frozen in time. One landscape follows another, but no two are alike.<\/p><\/div>\n\n\n\n<div class=\"wp-block-stackable-text stk-block-text stk-block stk-8c0d0d2\" data-block-id=\"8c0d0d2\"><style>.stk-8c0d0d2 .stk-block-text__text{color:#ffffff !important;}<\/style><p class=\"stk-block-text__text has-text-color\"><em>\ud83d\udca1The walk, which is accessible to all, will take around 2hrs 10mins, not including breaks, which you will surely be tempted to multiply as the surroundings invite you to contemplate. You can find the itinerary on Visorando by searching for walks in the Tablier area.<\/em><\/p><\/div>\n\n\n\n<div class=\"wp-block-stackable-text stk-block-text stk-block stk-5f0ac7e\" data-block-id=\"5f0ac7e\"><style>.stk-5f0ac7e {margin-bottom:0px !important;}.stk-5f0ac7e .stk-block-text__text{color:#ffffff !important;}@media screen and (max-width: 767px){.stk-5f0ac7e {margin-bottom:25px !important;}}<\/style><style class=\"stk-custom-css\">.stk-5f0ac7e.stk-block-text a{text-decoration:none !important}<\/style><p class=\"stk-block-text__text has-text-color\">At the end of the loop, you reach the Chaos de Piquet, a striking site where the Yon reveals its true face. This is where legend takes shape: it is said that Gargantua, Rabelais's giant, confronted Lucifer in a frenzied game of shuffleboard. The rocks are said to be the remains of this mythical duel: a place that feeds the imagination.<\/p><\/div>\n<\/div><\/div><\/div>\n<\/div><\/div>\n<\/div><\/div><\/div>\n\n\n\n<div class=\"wp-block-stackable-column stk-block-column stk-column stk-block stk-9dfa704\" data-v=\"4\" data-block-id=\"9dfa704\"><style>@media screen and (min-width: 768px){.stk-9dfa704 {flex:var(--stk-flex-grow, 1) 1 calc(10.099999999999994% - var(--stk-column-gap, 0px) * 1 \/ 2 ) !important;}}<\/style><div class=\"stk-column-wrapper stk-block-column__content stk-container stk-9dfa704-container stk--no-background stk--no-padding\"><div class=\"stk-block-content stk-inner-blocks stk-9dfa704-inner-blocks\"><\/div><\/div><\/div>\n<\/div><\/div>\n\n\n\n<div class=\"wp-block-stackable-columns alignwide stk-block-columns stk-block stk-d45d921\" data-block-id=\"d45d921\"><style>.stk-d45d921 .stk--block-align-d45d921{align-items:center !important;}.stk-d45d921-column{max-width:1260px !important;min-width:auto !important;}@media screen and (max-width: 767px){.stk-d45d921 {--stk-col-order-1:2 !important;--stk-col-order-2:1 !important;}}<\/style><div class=\"stk-row stk-inner-blocks stk--block-align-d45d921 stk-block-content stk-content-align stk-d45d921-column alignwide\">\n<div class=\"wp-block-stackable-column stk-block-column stk-column stk-block stk-76bbe30\" data-v=\"4\" data-block-id=\"76bbe30\"><style>@media screen and (max-width: 767px){.stk-76bbe30 {padding-right:15px !important;padding-left:15px !important;}}<\/style><div class=\"stk-column-wrapper stk-block-column__content stk-container stk-76bbe30-container stk--no-background stk--no-padding\"><div class=\"stk-block-content stk-inner-blocks stk-76bbe30-inner-blocks\">\n<div class=\"wp-block-stackable-heading stk-block-heading stk-block-heading--v2 stk-block stk-800cd8e\" id=\"halte-savoureuse-a-la-guinguette\" data-block-id=\"800cd8e\"><h2 class=\"stk-block-heading__text\">A tasty stop at the guinguette<\/h2><\/div>\n\n\n\n<div class=\"wp-block-stackable-text stk-block-text stk-block stk-96fbfc8\" data-block-id=\"96fbfc8\"><style>.stk-96fbfc8 {margin-bottom:0px !important;}.stk-96fbfc8 .stk-block-text__text{color:#111111 !important;}@media screen and (max-width: 767px){.stk-96fbfc8 {margin-bottom:25px !important;}}<\/style><style class=\"stk-custom-css\">.stk-96fbfc8.stk-block-text a{text-decoration:none !important}<\/style><p class=\"stk-block-text__text has-text-color\">After the effort, the comfort: head for La Guinguette de Piquet, located just a few minutes from Chaos de Piquet. In a friendly country atmosphere, take a seat on the terrace: it's the place to be for walkers, families and local regulars.<\/p><\/div>\n\n\n\n<div class=\"wp-block-stackable-text stk-block-text stk-block stk-cfdcee0\" data-block-id=\"cfdcee0\"><style>.stk-cfdcee0 {margin-bottom:0px !important;}.stk-cfdcee0 .stk-block-text__text{color:#111111 !important;}@media screen and (max-width: 767px){.stk-cfdcee0 {margin-bottom:25px !important;}}<\/style><style class=\"stk-custom-css\">.stk-f69913b.stk-block-text a{text-decoration:none !important}<\/style><p class=\"stk-block-text__text has-text-color\">On the menu, generous Vend\u00e9e cuisine that showcases local produce: melt-in-the-mouth mogettes, smoked ham, homemade prefou, onion soup, not forgetting desserts such as French toast brioche. The relaxed, bucolic setting invites you to take your time, toast, laugh and enjoy.<\/p><\/div>\n<\/div><\/div><\/div>\n\n\n\n<div class=\"wp-block-stackable-column stk-block-column stk-column stk-block stk-435ad5b\" data-v=\"4\" data-block-id=\"435ad5b\"><div class=\"stk-column-wrapper stk-block-column__content stk-container stk-435ad5b-container stk--no-background stk--no-padding\"><div class=\"stk-block-content stk-inner-blocks stk-435ad5b-inner-blocks\">\n<div class=\"wp-block-stackable-image stk-block-image stk-block stk-19a07a7\" data-block-id=\"19a07a7\"><style>.stk-19a07a7 {box-shadow:-2px -2px 10px 0px #00000070 !important;}.stk-19a07a7 .stk-img-wrapper{width:100% !important;height:400px !important;}@media screen and (max-width: 767px){.stk-19a07a7 .stk-img-wrapper{height:300px !important;}}<\/style><figure><span class=\"stk-img-wrapper stk-image--shape-stretch\"><img loading=\"lazy\" decoding=\"async\" class=\"stk-img wp-image-752\" src=\"https:\/\/domainedebuchignon.com\/wp-content\/uploads\/2025\/06\/chaosdupiquet-latablier5_webformat.webp\" width=\"1500\" height=\"1000\" alt=\"discover the yon valley in the Vend\u00e9e\" srcset=\"https:\/\/domainedebuchignon.com\/wp-content\/uploads\/2025\/06\/chaosdupiquet-latablier5_webformat.webp 1500w, https:\/\/domainedebuchignon.com\/wp-content\/uploads\/2025\/06\/chaosdupiquet-latablier5_webformat-300x200.webp 300w, https:\/\/domainedebuchignon.com\/wp-content\/uploads\/2025\/06\/chaosdupiquet-latablier5_webformat-1024x683.webp 1024w, https:\/\/domainedebuchignon.com\/wp-content\/uploads\/2025\/06\/chaosdupiquet-latablier5_webformat-768x512.webp 768w, https:\/\/domainedebuchignon.com\/wp-content\/uploads\/2025\/06\/chaosdupiquet-latablier5_webformat-500x333.webp 500w, https:\/\/domainedebuchignon.com\/wp-content\/uploads\/2025\/06\/chaosdupiquet-latablier5_webformat-800x533.webp 800w, https:\/\/domainedebuchignon.com\/wp-content\/uploads\/2025\/06\/chaosdupiquet-latablier5_webformat-1280x853.webp 1280w\" sizes=\"auto, (max-width: 1500px) 100vw, 1500px\" \/><\/span><\/figure><\/div>\n<\/div><\/div><\/div>\n<\/div><\/div>\n\n\n\n<div class=\"wp-block-stackable-columns alignfull stk-block-columns stk-block stk-40e0b1c\" id=\"domaine\" data-block-id=\"40e0b1c\"><style>.stk-40e0b1c .stk--block-align-40e0b1c{align-items:flex-start !important;}.stk-40e0b1c {align-items:flex-start !important;display:flex !important;}<\/style><div class=\"stk-row stk-inner-blocks stk--block-align-40e0b1c stk-block-content stk-content-align stk-40e0b1c-column alignfull\">\n<div class=\"wp-block-stackable-column stk-block-column stk-column stk-block stk-1a02861 stk-block-background\" data-v=\"4\" data-block-id=\"1a02861\"><style>.stk-1a02861 {align-self:center !important;background-color:#43756c !important;box-shadow:2px -2px 9px 0px #0000007a !important;align-items:flex-start !important;display:flex !important;}.stk-1a02861:before{background-color:#43756c !important;}@media screen and (min-width: 768px){.stk-1a02861 {flex:var(--stk-flex-grow, 1) 1 calc(89.9% - var(--stk-column-gap, 0px) * 1 \/ 2 ) !important;}}<\/style><div class=\"stk-column-wrapper stk-block-column__content stk-container stk-1a02861-container stk--no-background stk--no-padding\"><div class=\"stk-block-content stk-inner-blocks stk-1a02861-inner-blocks\">\n<div class=\"wp-block-stackable-columns stk-block-columns stk-block stk-edf4e7f\" data-block-id=\"edf4e7f\"><style>.stk-edf4e7f .stk--block-align-edf4e7f{align-items:center !important;}.stk-edf4e7f {align-items:flex-start !important;padding-top:50px !important;padding-bottom:50px !important;display:flex !important;}.stk-edf4e7f-column{max-width:1366px !important;min-width:auto !important;}<\/style><div class=\"stk-row stk-inner-blocks stk--block-align-edf4e7f stk-block-content stk-content-align stk-edf4e7f-column\">\n<div class=\"wp-block-stackable-column stk-block-column stk-column stk-block stk-3e38687\" data-v=\"4\" data-block-id=\"3e38687\"><style>.stk-3e38687 {align-items:flex-start !important;display:flex !important;}@media screen and (min-width: 768px){.stk-3e38687 {flex:var(--stk-flex-grow, 1) 1 calc(44.9% - var(--stk-column-gap, 0px) * 1 \/ 2 ) !important;}}<\/style><div class=\"stk-column-wrapper stk-block-column__content stk-container stk-3e38687-container stk--no-background stk--no-padding\"><div class=\"stk-block-content stk-inner-blocks stk-3e38687-inner-blocks\">\n<div class=\"wp-block-stackable-image stk-block-image stk-block stk-5adb6cb\" data-block-id=\"5adb6cb\"><style>.stk-5adb6cb {box-shadow:-2px -2px 10px 0px #00000070 !important;}.stk-5adb6cb .stk-img-wrapper{width:100% !important;height:421px !important;}@media screen and (max-width: 767px){.stk-5adb6cb .stk-img-wrapper{height:300px !important;}}<\/style><figure><span class=\"stk-img-wrapper stk-image--shape-stretch\"><img loading=\"lazy\" decoding=\"async\" class=\"stk-img wp-image-753\" src=\"https:\/\/domainedebuchignon.com\/wp-content\/uploads\/2025\/06\/caveau1_carrousel_webformat.webp\" width=\"1500\" height=\"781\" alt=\"chateau de rosnay\" srcset=\"https:\/\/domainedebuchignon.com\/wp-content\/uploads\/2025\/06\/caveau1_carrousel_webformat.webp 1500w, https:\/\/domainedebuchignon.com\/wp-content\/uploads\/2025\/06\/caveau1_carrousel_webformat-300x156.webp 300w, https:\/\/domainedebuchignon.com\/wp-content\/uploads\/2025\/06\/caveau1_carrousel_webformat-1024x533.webp 1024w, https:\/\/domainedebuchignon.com\/wp-content\/uploads\/2025\/06\/caveau1_carrousel_webformat-768x400.webp 768w, https:\/\/domainedebuchignon.com\/wp-content\/uploads\/2025\/06\/caveau1_carrousel_webformat-500x260.webp 500w, https:\/\/domainedebuchignon.com\/wp-content\/uploads\/2025\/06\/caveau1_carrousel_webformat-800x417.webp 800w, https:\/\/domainedebuchignon.com\/wp-content\/uploads\/2025\/06\/caveau1_carrousel_webformat-1280x666.webp 1280w\" sizes=\"auto, (max-width: 1500px) 100vw, 1500px\" \/><\/span><\/figure><\/div>\n\n\n\n<div class=\"wp-block-stackable-image stk-block-image stk-block stk-a285cdf\" data-block-id=\"a285cdf\"><style>.stk-a285cdf {box-shadow:-2px -2px 10px 0px #00000070 !important;}.stk-a285cdf .stk-img-wrapper{width:100% !important;height:315px !important;}@media screen and (max-width: 767px){.stk-a285cdf .stk-img-wrapper{height:300px !important;}}<\/style><figure><span class=\"stk-img-wrapper stk-image--shape-stretch\"><img loading=\"lazy\" decoding=\"async\" class=\"stk-img wp-image-754\" src=\"https:\/\/domainedebuchignon.com\/wp-content\/uploads\/2025\/06\/bg-mj1-1_webformat.webp\" width=\"1500\" height=\"779\" alt=\"chateau de rosnay\" srcset=\"https:\/\/domainedebuchignon.com\/wp-content\/uploads\/2025\/06\/bg-mj1-1_webformat.webp 1500w, https:\/\/domainedebuchignon.com\/wp-content\/uploads\/2025\/06\/bg-mj1-1_webformat-300x156.webp 300w, https:\/\/domainedebuchignon.com\/wp-content\/uploads\/2025\/06\/bg-mj1-1_webformat-1024x532.webp 1024w, https:\/\/domainedebuchignon.com\/wp-content\/uploads\/2025\/06\/bg-mj1-1_webformat-768x399.webp 768w, https:\/\/domainedebuchignon.com\/wp-content\/uploads\/2025\/06\/bg-mj1-1_webformat-500x260.webp 500w, https:\/\/domainedebuchignon.com\/wp-content\/uploads\/2025\/06\/bg-mj1-1_webformat-800x415.webp 800w, https:\/\/domainedebuchignon.com\/wp-content\/uploads\/2025\/06\/bg-mj1-1_webformat-1280x665.webp 1280w\" sizes=\"auto, (max-width: 1500px) 100vw, 1500px\" \/><\/span><\/figure><\/div>\n<\/div><\/div><\/div>\n\n\n\n<div class=\"wp-block-stackable-column stk-block-column stk-column stk-block stk-0664aa1\" data-v=\"4\" data-block-id=\"0664aa1\"><style>.stk-0664aa1 {align-items:flex-start !important;display:flex !important;}@media screen and (min-width: 768px){.stk-0664aa1 {flex:var(--stk-flex-grow, 1) 1 calc(55.1% - var(--stk-column-gap, 0px) * 1 \/ 2 ) !important;}}<\/style><div class=\"stk-column-wrapper stk-block-column__content stk-container stk-0664aa1-container stk--no-background stk--no-padding\"><div class=\"stk-block-content stk-inner-blocks stk-0664aa1-inner-blocks\">\n<div class=\"wp-block-stackable-heading stk-block-heading stk-block-heading--v2 stk-block stk-1bc033f\" id=\"decouverte-viticole-au-chateau-de-rosnay\" data-block-id=\"1bc033f\"><style>.stk-1bc033f .stk-block-heading__text{color:#cfc0a3 !important;}<\/style><h2 class=\"stk-block-heading__text has-text-color\">Wine discovery at Ch\u00e2teau de Rosnay<\/h2><\/div>\n\n\n\n<div class=\"wp-block-stackable-text stk-block-text stk-block stk-be243b1\" data-block-id=\"be243b1\"><style>.stk-be243b1 {margin-bottom:0px !important;}.stk-be243b1 .stk-block-text__text{color:#ffffff !important;}@media screen and (max-width: 767px){.stk-be243b1 {margin-bottom:25px !important;}}<\/style><style class=\"stk-custom-css\">.stk-f69913b.stk-block-text a{text-decoration:none !important}<\/style><p class=\"stk-block-text__text has-text-color\">Just 5 minutes away by car, extend your day with a stop off the beaten track at Ch\u00e2teau de Rosnay. This characterful wine estate offers a guided tour of the ch\u00e2teau and cellars, followed by a tasting of wines from their own vineyards.<\/p><\/div>\n\n\n\n<div class=\"wp-block-stackable-text stk-block-text stk-block stk-f7907ba\" data-block-id=\"f7907ba\"><style>.stk-f7907ba {margin-bottom:25px !important;}.stk-f7907ba .stk-block-text__text{color:#ffffff !important;}@media screen and (max-width: 767px){.stk-f7907ba {margin-bottom:25px !important;}}<\/style><style class=\"stk-custom-css\">.stk-f7907ba.stk-block-text a{text-decoration:none !important}<\/style><p class=\"stk-block-text__text has-text-color\">The welcome is warm and personalised, and the setting authentic. A visit that combines heritage and the pleasures of the senses, immersing you in the local history while awakening your taste buds.<\/p><\/div>\n\n\n\n<div class=\"wp-block-stackable-text stk-block-text stk-block stk-ab3e27a\" data-block-id=\"ab3e27a\"><style>.stk-ab3e27a .stk-block-text__text{color:#ffffff !important;}<\/style><p class=\"stk-block-text__text has-text-color\"><em>\ud83d\udca1 Guided tours last approximately 1? hours. It is advisable to contact the ch\u00e2teau directly to confirm times, prices and book your slot. All practical information is available on their official website.<\/em><\/p><\/div>\n\n\n\n<div class=\"wp-block-stackable-text stk-block-text stk-block stk-96c40b8\" data-block-id=\"96c40b8\"><style>.stk-96c40b8 .stk-block-text__text{color:#ffffff !important;}@media screen and (max-width: 767px){.stk-96c40b8 {margin-bottom:25px !important;}}<\/style><style class=\"stk-custom-css\">.stk-f69913b.stk-block-text a{text-decoration:none !important}<\/style><p class=\"stk-block-text__text has-text-color\">A moment to savour slowly, ideal for those who like to discover a region in a different way, by taking the time to listen to it and taste it.<\/p><\/div>\n\n\n\n<div class=\"wp-block-stackable-text stk-block-text stk-block stk-071d036\" data-block-id=\"071d036\"><style>.stk-071d036 .stk-block-text__text{color:#ffffff !important;}<\/style><p class=\"stk-block-text__text has-text-color\"><em>\ud83d\udca1 Good to know: for horse lovers, Ch\u00e2teau de Rosnay is offering an exclusive and unique package in partnership with Le Haras du Plessis riding school, also located in Rosnay. The programme includes a 2-hour horse ride through the vineyards, followed by a wine tasting session and a tour of the estate.<\/em><\/p><\/div>\n\n\n\n<div class=\"wp-block-stackable-text stk-block-text stk-block stk-49c1347\" data-block-id=\"49c1347\"><style>.stk-49c1347 {margin-bottom:0px !important;}.stk-49c1347 .stk-block-text__text{color:#ffffff !important;}@media screen and (max-width: 767px){.stk-49c1347 {margin-bottom:25px !important;}}<\/style><style class=\"stk-custom-css\">.stk-f69913b.stk-block-text a{text-decoration:none !important}<\/style><p class=\"stk-block-text__text has-text-color\">This unusual activity, ideal for lovers of nature and wide open spaces, does however require booking and represents a larger budget. For full details, please contact the ch\u00e2teau directly.<\/p><\/div>\n\n\n\n<div class=\"wp-block-stackable-text stk-block-text stk-block stk-b1553ea\" data-block-id=\"b1553ea\"><style>.stk-b1553ea {margin-bottom:0px !important;}.stk-b1553ea .stk-block-text__text{color:#ffffff !important;}@media screen and (max-width: 767px){.stk-b1553ea {margin-bottom:25px !important;}}<\/style><style class=\"stk-custom-css\">.stk-f69913b.stk-block-text a{text-decoration:none !important}<\/style><p class=\"stk-block-text__text has-text-color\">After a busy day, it's time to head back to the Domaine de Buchignon. With your head full of memories, your legs a little heavy and your taste buds still alert, treat yourself to a well-deserved rest... in the heart of nature, as an extension of this emotionally-charged day.<\/p><\/div>\n\n\n\n<div class=\"wp-block-stackable-text stk-block-text stk-block stk-1d4962e\" data-block-id=\"1d4962e\"><style>.stk-1d4962e .stk-block-text__text{font-size:0.7rem !important;color:#ffffff !important;}@media screen and (max-width: 1023px){.stk-1d4962e .stk-block-text__text{font-size:0.7rem !important;}}<\/style><p class=\"stk-block-text__text has-text-color\"><em>@Chateau de Rosnay<\/em><\/p><\/div>\n<\/div><\/div><\/div>\n<\/div><\/div>\n<\/div><\/div><\/div>\n\n\n\n<div class=\"wp-block-stackable-column stk-block-column stk-column stk-block stk-befead6\" data-v=\"4\" data-block-id=\"befead6\"><style>@media screen and (min-width: 768px){.stk-befead6 {flex:var(--stk-flex-grow, 1) 1 calc(10.099999999999994% - var(--stk-column-gap, 0px) * 1 \/ 2 ) !important;}}<\/style><div class=\"stk-column-wrapper stk-block-column__content stk-container stk-befead6-container stk--no-background stk--no-padding\"><div class=\"stk-block-content stk-inner-blocks stk-befead6-inner-blocks\"><\/div><\/div><\/div>\n<\/div><\/div>","protected":false},"excerpt":{"rendered":"<p>Au c\u0153ur de la Vend\u00e9e secr\u00e8te, la journ\u00e9e commence entre sentiers bois\u00e9s, chaos granitiques et l\u00e9gendes anciennes. Bienvenue dans les vall\u00e9es de Piquet et de la Pierre aux F\u00e9es, un coin de nature pr\u00e9serv\u00e9 o\u00f9 randonn\u00e9e, gastronomie et d\u00e9couverte du patrimoine se r\u00e9pondent harmonieusement. Randonn\u00e9e au c\u0153ur de la nature D\u00e8s le matin, chaussez vos [&hellip;]<\/p>\n","protected":false},"author":1,"featured_media":27,"parent":0,"menu_order":0,"comment_status":"closed","ping_status":"closed","template":"","meta":{"_acf_changed":false,"_seopress_robots_primary_cat":"","_seopress_titles_title":"La Vall\u00e9e de l'Yon en Vend\u00e9e","_seopress_titles_desc":"Lors de votre s\u00e9jour dans nos chambres en Vend\u00e9e, d\u00e9couvrez la Vall\u00e9e de l'Yon. Un cadre naturel magnifique \u00e0 deux pas de nos g\u00eetes.","_seopress_robots_index":"","_vp_format_video_url":"","_vp_image_focal_point":[],"footnotes":""},"class_list":["post-746","page","type-page","status-publish","has-post-thumbnail","hentry"],"acf":[],"_links":{"self":[{"href":"https:\/\/domainedebuchignon.com\/en\/wp-json\/wp\/v2\/pages\/746","targetHints":{"allow":["GET"]}}],"collection":[{"href":"https:\/\/domainedebuchignon.com\/en\/wp-json\/wp\/v2\/pages"}],"about":[{"href":"https:\/\/domainedebuchignon.com\/en\/wp-json\/wp\/v2\/types\/page"}],"author":[{"embeddable":true,"href":"https:\/\/domainedebuchignon.com\/en\/wp-json\/wp\/v2\/users\/1"}],"replies":[{"embeddable":true,"href":"https:\/\/domainedebuchignon.com\/en\/wp-json\/wp\/v2\/comments?post=746"}],"version-history":[{"count":10,"href":"https:\/\/domainedebuchignon.com\/en\/wp-json\/wp\/v2\/pages\/746\/revisions"}],"predecessor-version":[{"id":993,"href":"https:\/\/domainedebuchignon.com\/en\/wp-json\/wp\/v2\/pages\/746\/revisions\/993"}],"wp:featuredmedia":[{"embeddable":true,"href":"https:\/\/domainedebuchignon.com\/en\/wp-json\/wp\/v2\/media\/27"}],"wp:attachment":[{"href":"https:\/\/domainedebuchignon.com\/en\/wp-json\/wp\/v2\/media?parent=746"}],"curies":[{"name":"wp","href":"https:\/\/api.w.org\/{rel}","templated":true}]}}