{"id":676,"date":"2025-06-19T12:07:42","date_gmt":"2025-06-19T10:07:42","guid":{"rendered":"https:\/\/domainedebuchignon.com\/?page_id=676"},"modified":"2025-07-22T13:51:13","modified_gmt":"2025-07-22T11:51:13","slug":"access-contact","status":"publish","type":"page","link":"https:\/\/domainedebuchignon.com\/en\/acces-contact\/","title":{"rendered":"Access \/ Contact"},"content":{"rendered":"\n<div class=\"wp-block-stackable-columns stk-block-columns stk-block stk-c7dc28d\" data-block-id=\"c7dc28d\"><style>.stk-c7dc28d {margin-bottom:60px !important;}<\/style><div class=\"stk-row stk-inner-blocks stk-block-content stk-content-align stk-c7dc28d-column\">\n<div class=\"wp-block-stackable-column stk-block-column stk-column stk-block stk-ad55c68\" data-v=\"4\" data-block-id=\"ad55c68\"><div class=\"stk-column-wrapper stk-block-column__content stk-container stk-ad55c68-container stk--no-background stk--no-padding\"><div class=\"stk-block-content stk-inner-blocks stk-ad55c68-inner-blocks\">\n<div class=\"wp-block-stackable-image stk-block-image stk-block stk-6c9b2cc\" data-block-id=\"6c9b2cc\"><style>.stk-6c9b2cc .stk-img-wrapper{width:400px !important;}@media screen and (max-width: 767px){.stk-6c9b2cc .stk-img-wrapper{width:100% !important;}}<\/style><figure><span class=\"stk-img-wrapper stk-image--shape-stretch\"><img loading=\"lazy\" decoding=\"async\" class=\"stk-img wp-image-817\" src=\"https:\/\/domainedebuchignon.com\/wp-content\/uploads\/2025\/06\/Logo-VF.jpg\" width=\"1871\" height=\"1044\" alt=\"domaine de buchignon\" srcset=\"https:\/\/domainedebuchignon.com\/wp-content\/uploads\/2025\/06\/Logo-VF.jpg 1871w, https:\/\/domainedebuchignon.com\/wp-content\/uploads\/2025\/06\/Logo-VF-300x167.jpg 300w, https:\/\/domainedebuchignon.com\/wp-content\/uploads\/2025\/06\/Logo-VF-1024x571.jpg 1024w, https:\/\/domainedebuchignon.com\/wp-content\/uploads\/2025\/06\/Logo-VF-768x429.jpg 768w, https:\/\/domainedebuchignon.com\/wp-content\/uploads\/2025\/06\/Logo-VF-1536x857.jpg 1536w, https:\/\/domainedebuchignon.com\/wp-content\/uploads\/2025\/06\/Logo-VF-500x279.jpg 500w, https:\/\/domainedebuchignon.com\/wp-content\/uploads\/2025\/06\/Logo-VF-800x446.jpg 800w, https:\/\/domainedebuchignon.com\/wp-content\/uploads\/2025\/06\/Logo-VF-1280x714.jpg 1280w\" sizes=\"auto, (max-width: 1871px) 100vw, 1871px\" \/><\/span><\/figure><\/div>\n\n\n\n<div class=\"wp-block-stackable-text stk-block-text stk-block stk-9336d41\" data-block-id=\"9336d41\"><p class=\"stk-block-text__text has-text-align-center\">Tel : <a href=\"tel:0683311587\">06 83 31 15 87<\/a><br>Mail : <a href=\"mailto:contact@domainedebuchignon.com\">contact@domainedebuchignon.com<\/a><\/p><\/div>\n<\/div><\/div><\/div>\n\n\n\n<div class=\"wp-block-stackable-column stk-block-column stk-column stk-block stk-b586c8c\" data-v=\"4\" data-block-id=\"b586c8c\"><div class=\"stk-column-wrapper stk-block-column__content stk-container stk-b586c8c-container stk--no-background stk--no-padding\"><div class=\"stk-block-content stk-inner-blocks stk-b586c8c-inner-blocks\"><p data-block-type=\"core\"><div class='fluentform ff-default fluentform_wrapper_6 ffs_default_wrap'><form data-form_id=\"6\" id=\"fluentform_6\" class=\"frm-fluent-form fluent_form_6 ff-el-form-top ff_form_instance_6_1 ff-form-loading ff_has_v3_recptcha ffs_default\" data-form_instance=\"ff_form_instance_6_1\" method=\"POST\" data-recptcha_key=\"6LfbCKsrAAAAAHBoJCtXO5gUwx7otByTA9171wXi\" ><fieldset  style=\"border: none!important;margin: 0!important;padding: 0!important;background-color: transparent!important;box-shadow: none!important;outline: none!important; min-inline-size: 100%;\">\n                    <legend class=\"ff_screen_reader_title\" style=\"display: block; margin: 0!important;padding: 0!important;height: 0!important;text-indent: -999999px;width: 0!important;overflow:hidden;\">Contact (#6)<\/legend><input type='hidden' name='__fluent_form_embded_post_id' value='676' \/><input type=\"hidden\" id=\"_fluentform_6_fluentformnonce\" name=\"_fluentform_6_fluentformnonce\" value=\"c8fe5f8740\" \/><input type=\"hidden\" name=\"_wp_http_referer\" value=\"\/en\/wp-json\/wp\/v2\/pages\/676\" \/><div data-type=\"name-element\" data-name=\"names\" class=\" ff-field_container ff-name-field-wrapper\" ><div class='ff-t-container'><div class='ff-t-cell '><div class='ff-el-group ff-el-form-top'><div class=\"ff-el-input--label asterisk-right\"><label for='ff_6_names_first_name_' id='label_ff_6_names_first_name_' >Pr\u00e9nom<\/label><\/div><div class='ff-el-input--content'><input type=\"text\" name=\"names[first_name]\" id=\"ff_6_names_first_name_\" class=\"ff-el-form-control\" placeholder=\"Saisissez votre pr\u00e9nom\" aria-invalid=\"false\" aria-required=false><\/div><\/div><\/div><div class='ff-t-cell '><div class='ff-el-group ff-el-form-top'><div class=\"ff-el-input--label ff-el-is-required asterisk-right\"><label for='ff_6_names_last_name_' id='label_ff_6_names_last_name_' >Nom<\/label><\/div><div class='ff-el-input--content'><input type=\"text\" name=\"names[last_name]\" id=\"ff_6_names_last_name_\" class=\"ff-el-form-control\" placeholder=\"Saisissez votre nom de famille\" aria-invalid=\"false\" aria-required=true><\/div><\/div><\/div><\/div><\/div><div data-name=\"ff_cn_id_1\"  class='ff-t-container ff-column-container ff_columns_total_2 '><div class='ff-t-cell ff-t-column-1' style='flex-basis: 50%;'><div class='ff-el-group'><div class=\"ff-el-input--label ff-el-is-required asterisk-right\"><label for='ff_6_email' id='label_ff_6_email' aria-label=\"E-mail\">E-mail<\/label><\/div><div class='ff-el-input--content'><input type=\"email\" name=\"email\" id=\"ff_6_email\" class=\"ff-el-form-control\" data-name=\"email\"  aria-invalid=\"false\" aria-required=true><\/div><\/div><\/div><div class='ff-t-cell ff-t-column-2' style='flex-basis: 50%;'><div class='ff-el-group'><div class=\"ff-el-input--label asterisk-right\"><label for='ff_6_numeric_field' id='label_ff_6_numeric_field' aria-label=\"T\u00e9l\u00e9phone\">T\u00e9l\u00e9phone<\/label><\/div><div class='ff-el-input--content'><input type=\"number\" name=\"numeric_field\" id=\"ff_6_numeric_field\" class=\"ff-el-form-control\" data-name=\"numeric_field\" inputmode=\"numeric\" step=\"any\"  aria-invalid=\"false\" aria-required=false><\/div><\/div><\/div><\/div><div data-name=\"ff_cn_id_2\"  class='ff-t-container ff-column-container ff_columns_total_2 '><div class='ff-t-cell ff-t-column-1' style='flex-basis: 50%;'><div class='ff-el-group'><div class=\"ff-el-input--label asterisk-right\"><label for='ff_6_datetime' id='label_ff_6_datetime' aria-label=\"Arriv\u00e9e\">Arriv\u00e9e<\/label><\/div><div class='ff-el-input--content'><input  aria-label='Arriv\u00e9e Use arrow keys to navigate dates. Press enter to select a date.'  aria-haspopup='dialog' data-type-datepicker data-format='d\/m\/Y' type=\"text\" name=\"datetime\" id=\"ff_6_datetime\" class=\"ff-el-form-control ff-el-datepicker\" placeholder=\"Arriv\u00e9e\" data-name=\"datetime\"  aria-invalid='false' aria-required=false><\/div><\/div><\/div><div class='ff-t-cell ff-t-column-2' style='flex-basis: 50%;'><div class='ff-el-group'><div class=\"ff-el-input--label asterisk-right\"><label for='ff_6_datetime_1' id='label_ff_6_datetime_1' aria-label=\"D\u00e9part\">D\u00e9part<\/label><\/div><div class='ff-el-input--content'><input  aria-label='D\u00e9part Use arrow keys to navigate dates. Press enter to select a date.'  aria-haspopup='dialog' data-type-datepicker data-format='d\/m\/Y' type=\"text\" name=\"datetime_1\" id=\"ff_6_datetime_1\" class=\"ff-el-form-control ff-el-datepicker\" placeholder=\"D\u00e9part\" data-name=\"datetime_1\"  aria-invalid='false' aria-required=false><\/div><\/div><\/div><\/div><div class='ff-el-group'><div class=\"ff-el-input--label ff-el-is-required asterisk-right\"><label for='ff_6_description' id='label_ff_6_description' aria-label=\"Votre message\">Votre message<\/label><\/div><div class='ff-el-input--content'><textarea aria-required=\"true\" aria-labelledby=\"label_ff_6_description\" name=\"description\" id=\"ff_6_description\" class=\"ff-el-form-control\" rows=\"3\" cols=\"2\" data-name=\"description\" ><\/textarea><\/div><\/div><div class='ff-el-group    ff-el-input--content'><div class='ff-el-form-check ff-el-tc'><label aria-label='Je consens \u00e0 ce que ce site stocke les informations que j\u2019ai envoy\u00e9es afin de pouvoir r\u00e9pondre \u00e0 ma demande.' class='ff-el-form-check-label ff_tc_label' for=gdpr-agreement_4cae110a69a56c0be1dff62f9b8b68ba><span class='ff_tc_checkbox'><input type=\"checkbox\" name=\"gdpr-agreement\" class=\"ff-el-form-check-input ff_gdpr_field\" data-name=\"gdpr-agreement\" id=\"gdpr-agreement_4cae110a69a56c0be1dff62f9b8b68ba\"  value='on' aria-invalid='false' aria-required=true><\/span> <div class='ff_t_c'>Je consens \u00e0 ce que ce site stocke les informations que j\u2019ai envoy\u00e9es afin de pouvoir r\u00e9pondre \u00e0 ma demande.<\/div><\/label><\/div><\/div><div class='ff-el-group ff-text-center ff_submit_btn_wrapper'><button type=\"submit\" class=\"ff-btn ff-btn-submit ff-btn-md ff_btn_style wpf_has_custom_css\"  aria-label=\"Envoyer\">Envoyer<\/button><\/div><\/fieldset><\/form><div id='fluentform_6_errors' class='ff-errors-in-stack ff_form_instance_6_1 ff-form-loading_errors ff_form_instance_6_1_errors'><\/div><\/div>            <script type=\"text\/javascript\">\n                window.fluent_form_ff_form_instance_6_1 = {\"id\":\"6\",\"ajaxUrl\":\"https:\\\/\\\/domainedebuchignon.com\\\/wp-admin\\\/admin-ajax.php\",\"settings\":{\"layout\":{\"labelPlacement\":\"top\",\"helpMessagePlacement\":\"with_label\",\"errorMessagePlacement\":\"inline\",\"cssClassName\":\"\",\"asteriskPlacement\":\"asterisk-right\"},\"restrictions\":{\"denyEmptySubmission\":{\"enabled\":false}}},\"form_instance\":\"ff_form_instance_6_1\",\"form_id_selector\":\"fluentform_6\",\"rules\":{\"names[first_name]\":{\"required\":{\"value\":false,\"message\":\"This field is required\",\"global_message\":\"Ce champ est obligatoire\",\"global\":true}},\"names[middle_name]\":{\"required\":{\"value\":false,\"message\":\"This field is required\",\"global_message\":\"Ce champ est obligatoire\",\"global\":true}},\"names[last_name]\":{\"required\":{\"value\":true,\"message\":\"This field is required\",\"global_message\":\"Ce champ est obligatoire\",\"global\":true}},\"email\":{\"required\":{\"value\":true,\"message\":\"This field is required\",\"global_message\":\"Ce champ est obligatoire\",\"global\":true},\"email\":{\"value\":true,\"message\":\"This field must contain a valid email\",\"global_message\":\"Ce champ doit contenir un e-mail valide\",\"global\":true}},\"numeric_field\":{\"required\":{\"value\":false,\"message\":\"This field is required\",\"global_message\":\"Ce champ est obligatoire\",\"global\":true},\"numeric\":{\"value\":true,\"message\":\"This field must contain numeric value\",\"global_message\":\"Ce champ doit contenir une valeur num\\u00e9rique\",\"global\":true},\"min\":{\"value\":\"\",\"message\":\"Validation fails for minimum value\",\"global_message\":\"\\u00c9chec de la validation pour la valeur minimale\",\"global\":true},\"max\":{\"value\":\"\",\"message\":\"Validation fails for maximum value\",\"global_message\":\"\\u00c9chec de la validation pour la valeur maximale\",\"global\":true},\"digits\":{\"value\":\"\",\"message\":\"Validation fails for limited digits\",\"global_message\":\"La validation \\u00e9choue pour un nombre limit\\u00e9 de chiffres\",\"global\":true}},\"datetime\":{\"required\":{\"value\":false,\"message\":\"This field is required\",\"global_message\":\"Ce champ est obligatoire\",\"global\":true}},\"datetime_1\":{\"required\":{\"value\":false,\"message\":\"This field is required\",\"global_message\":\"Ce champ est obligatoire\",\"global\":true}},\"description\":{\"required\":{\"value\":true,\"message\":\"This field is required\",\"global_message\":\"Ce champ est obligatoire\",\"global\":true}},\"gdpr-agreement\":{\"required\":{\"value\":true,\"message\":\"This field is required\",\"global_message\":\"Ce champ est obligatoire\",\"global\":true}},\"g-recaptcha-response\":[]},\"debounce_time\":300};\n                            <\/script>\n            <\/p>\n<\/div><\/div><\/div>\n<\/div><\/div>\n\n\n\n<div class=\"wp-block-stackable-map alignfull stk-block-map stk-block stk-ca89c9d\" data-block-id=\"ca89c9d\"><style>.stk-ca89c9d .stk-block-map__canvas, .stk-ca89c9d iframe{height:422px !important;}<\/style><iframe\n\t\t\t\t\t\ttitle=\"Embedded content from Google Maps Platform.\"\n\t\t\t\t\t\tsrc=\"https:\/\/maps.google.com\/maps?q=Ch\u00e2teau de Buchignon, Fouger\u00e9&#038;t=&#038;z=12&#038;ie=UTF8&#038;output=embed\"\n\t\t\t\t\t\tstyle=\"border:0;width:100%;max-width:none;max-height:none;height:100%;\"\n\t\t\t\t\t\taria-hidden=\"false\"\n\t\t\t\t\t\ttabIndex=\"0\"\n\t\t\t\t\t\tallowfullscreen\n\t\t\t\t\t\tloading=\"lazy\"\n\t\t\t\t\t\tframeBorder=\"0\"\n\t\t\t\t\t><\/iframe><\/div>\n","protected":false},"excerpt":{"rendered":"<p>Tel : 06 83 31 15 87Mail : contact@domainedebuchignon.com<\/p>","protected":false},"author":1,"featured_media":834,"parent":0,"menu_order":0,"comment_status":"closed","ping_status":"closed","template":"","meta":{"_acf_changed":false,"_seopress_robots_primary_cat":"","_seopress_titles_title":"Acc\u00e8s \/ Contact - Chambres d'h\u00f4tes Domaine de Buchignon","_seopress_titles_desc":"D\u00e9couvrez les chambres d'h\u00f4tes du Domaine de Buchignon. S\u00e9journez au coeur de la nature. Contactez nous pour des questions.","_seopress_robots_index":"","_vp_format_video_url":"","_vp_image_focal_point":[],"footnotes":""},"class_list":["post-676","page","type-page","status-publish","has-post-thumbnail","hentry"],"acf":[],"_links":{"self":[{"href":"https:\/\/domainedebuchignon.com\/en\/wp-json\/wp\/v2\/pages\/676","targetHints":{"allow":["GET"]}}],"collection":[{"href":"https:\/\/domainedebuchignon.com\/en\/wp-json\/wp\/v2\/pages"}],"about":[{"href":"https:\/\/domainedebuchignon.com\/en\/wp-json\/wp\/v2\/types\/page"}],"author":[{"embeddable":true,"href":"https:\/\/domainedebuchignon.com\/en\/wp-json\/wp\/v2\/users\/1"}],"replies":[{"embeddable":true,"href":"https:\/\/domainedebuchignon.com\/en\/wp-json\/wp\/v2\/comments?post=676"}],"version-history":[{"count":9,"href":"https:\/\/domainedebuchignon.com\/en\/wp-json\/wp\/v2\/pages\/676\/revisions"}],"predecessor-version":[{"id":1033,"href":"https:\/\/domainedebuchignon.com\/en\/wp-json\/wp\/v2\/pages\/676\/revisions\/1033"}],"wp:featuredmedia":[{"embeddable":true,"href":"https:\/\/domainedebuchignon.com\/en\/wp-json\/wp\/v2\/media\/834"}],"wp:attachment":[{"href":"https:\/\/domainedebuchignon.com\/en\/wp-json\/wp\/v2\/media?parent=676"}],"curies":[{"name":"wp","href":"https:\/\/api.w.org\/{rel}","templated":true}]}}