{"id":610,"date":"2025-06-19T09:52:32","date_gmt":"2025-06-19T07:52:32","guid":{"rendered":"https:\/\/domainedebuchignon.com\/?page_id=610"},"modified":"2025-07-22T09:27:22","modified_gmt":"2025-07-22T07:27:22","slug":"good-reasons-to-come","status":"publish","type":"page","link":"https:\/\/domainedebuchignon.com\/en\/les-bonnes-raisons-de-venir\/","title":{"rendered":"Good reasons to come"},"content":{"rendered":"<div class=\"wp-block-stackable-columns alignfull stk-block-columns stk-block stk-56b8f87\" id=\"domaine\" data-block-id=\"56b8f87\"><style>.stk-56b8f87 .stk--block-align-56b8f87{align-items:flex-start !important;}.stk-56b8f87 {align-items:flex-start !important;display:flex !important;}<\/style><div class=\"stk-row stk-inner-blocks stk--block-align-56b8f87 stk-block-content stk-content-align stk-56b8f87-column alignfull\">\n<div class=\"wp-block-stackable-column stk-block-column stk-column stk-block stk-786965a stk-block-background\" data-v=\"4\" data-block-id=\"786965a\"><style>.stk-786965a {align-self:center !important;background-color:#43756c !important;box-shadow:2px -2px 9px 0px #0000007a !important;align-items:flex-start !important;display:flex !important;}.stk-786965a:before{background-color:#43756c !important;}@media screen and (min-width: 768px){.stk-786965a {flex:var(--stk-flex-grow, 1) 1 calc(89.9% - var(--stk-column-gap, 0px) * 1 \/ 2 ) !important;}}<\/style><div class=\"stk-column-wrapper stk-block-column__content stk-container stk-786965a-container stk--no-background stk--no-padding\"><div class=\"stk-block-content stk-inner-blocks stk-786965a-inner-blocks\">\n<div class=\"wp-block-stackable-columns stk-block-columns stk-block stk-e4a4085\" data-block-id=\"e4a4085\"><style>.stk-e4a4085 .stk--block-align-e4a4085{align-items:center !important;}.stk-e4a4085 {align-items:flex-start !important;padding-top:50px !important;padding-bottom:50px !important;display:flex !important;}.stk-e4a4085-column{max-width:1366px !important;min-width:auto !important;}<\/style><div class=\"stk-row stk-inner-blocks stk--block-align-e4a4085 stk-block-content stk-content-align stk-e4a4085-column\">\n<div class=\"wp-block-stackable-column stk-block-column stk-column stk-block stk-bd807a2\" data-v=\"4\" data-block-id=\"bd807a2\"><style>.stk-bd807a2 {align-items:flex-start !important;display:flex !important;}<\/style><div class=\"stk-column-wrapper stk-block-column__content stk-container stk-bd807a2-container stk--no-background stk--no-padding\"><div class=\"stk-block-content stk-inner-blocks stk-bd807a2-inner-blocks\">\n<div class=\"wp-block-stackable-image stk-block-image stk-block stk-e437fbb\" data-block-id=\"e437fbb\"><style>.stk-e437fbb {box-shadow:-2px -2px 10px 0px #00000070 !important;}.stk-e437fbb .stk-img-wrapper{width:100% !important;height:462px !important;}.stk-e437fbb .stk-img-wrapper img{object-position:50% 72% !important;}@media screen and (max-width: 767px){.stk-e437fbb .stk-img-wrapper{height:300px !important;}}<\/style><figure><span class=\"stk-img-wrapper stk-image--shape-stretch\"><img loading=\"lazy\" decoding=\"async\" class=\"stk-img wp-image-831\" src=\"https:\/\/domainedebuchignon.com\/wp-content\/uploads\/2025\/06\/piscine-1_webformat.webp\" width=\"1524\" height=\"1298\" alt=\"gites and B&amp;B rental with swimming pool in Vend\u00e9e\" srcset=\"https:\/\/domainedebuchignon.com\/wp-content\/uploads\/2025\/06\/piscine-1_webformat.webp 1524w, https:\/\/domainedebuchignon.com\/wp-content\/uploads\/2025\/06\/piscine-1_webformat-300x256.webp 300w, https:\/\/domainedebuchignon.com\/wp-content\/uploads\/2025\/06\/piscine-1_webformat-1024x872.webp 1024w, https:\/\/domainedebuchignon.com\/wp-content\/uploads\/2025\/06\/piscine-1_webformat-768x654.webp 768w, https:\/\/domainedebuchignon.com\/wp-content\/uploads\/2025\/06\/piscine-1_webformat-500x426.webp 500w, https:\/\/domainedebuchignon.com\/wp-content\/uploads\/2025\/06\/piscine-1_webformat-800x681.webp 800w, https:\/\/domainedebuchignon.com\/wp-content\/uploads\/2025\/06\/piscine-1_webformat-1280x1090.webp 1280w\" sizes=\"auto, (max-width: 1524px) 100vw, 1524px\" \/><\/span><\/figure><\/div>\n<\/div><\/div><\/div>\n\n\n\n<div class=\"wp-block-stackable-column stk-block-column stk-column stk-block stk-449e8f6\" data-v=\"4\" data-block-id=\"449e8f6\"><style>.stk-449e8f6 {align-items:flex-start !important;display:flex !important;}<\/style><div class=\"stk-column-wrapper stk-block-column__content stk-container stk-449e8f6-container stk--no-background stk--no-padding\"><div class=\"stk-block-content stk-inner-blocks stk-449e8f6-inner-blocks\">\n<div class=\"wp-block-stackable-text stk-block-text stk-block stk-2be79b6\" data-block-id=\"2be79b6\"><style>.stk-2be79b6 {align-items:flex-start !important;display:flex !important;}.stk-2be79b6 .stk-block-text__text{color:var(--stk-global-color-70671, #f3ecda) !important;}<\/style><p class=\"stk-block-text__text has-text-color translation-block\">Located right in the heart of the <strong>Vend\u00e9e<\/strong> and very easy to get to, the Buchignon estate lets you alternate between <strong>cultural visits<\/strong>, <strong>coastal excursions<\/strong>, experiencing the <strong>Puy du Fou<\/strong>, or simply enjoying the <strong>pool<\/strong> and <strong>park<\/strong>.<\/p><\/div>\n\n\n\n<div class=\"wp-block-stackable-text stk-block-text stk-block stk-7bc95e2\" data-block-id=\"7bc95e2\"><style>.stk-7bc95e2 {align-items:flex-start !important;display:flex !important;}.stk-7bc95e2 .stk-block-text__text{color:var(--stk-global-color-70671, #f3ecda) !important;}<\/style><p class=\"stk-block-text__text has-text-color\">For example:<\/p><\/div>\n\n\n\n<div class=\"wp-block-stackable-icon-list stk-block-icon-list stk-block stk-6d192f1\" data-block-id=\"6d192f1\"><style>.stk-6d192f1 {--stk-icon-list-marker-color:#cfc0a3 !important;--stk-icon-list-icon-size:8px !important;}.stk-6d192f1 .stk-block-icon-list-item__content{align-items:baseline !important;}<\/style><svg style=\"display:none\"><defs><g id=\"stk-icon-list__icon-svg-def-6d192f1\"><svg xmlns=\"http:\/\/www.w3.org\/2000\/svg\" viewbox=\"0 0 512 512\"><path d=\"M256 512A256 256 0 1 0 256 0a256 256 0 1 0 0 512z\"\/><\/svg><\/g><\/defs><\/svg><ul class=\"stk-block-icon-list__ul stk-block-icon-list--column\">\n<li class=\"wp-block-stackable-icon-list-item stk-block-icon-list-item stk-block stk-b7b74fe\" data-block-id=\"b7b74fe\"><style>.stk-b7b74fe .stk-block-icon-list-item__text{color:#f3ebda !important;}<\/style><div class=\"stk-block-icon-list-item__content\"><span class=\"stk--svg-wrapper\"><div class=\"stk--inner-svg\"><svg aria-hidden=\"true\" width=\"32\" height=\"32\"><use xlink:href=\"#stk-icon-list__icon-svg-def-6d192f1\"><\/use><\/svg><\/div><\/span><span class=\"stk-block-icon-list-item__text has-text-color\">17 mins from La Roche sur Yon<\/span><\/div><\/li>\n\n\n\n<li class=\"wp-block-stackable-icon-list-item stk-block-icon-list-item stk-block stk-36928b1\" data-block-id=\"36928b1\"><style>.stk-36928b1 .stk-block-icon-list-item__text{color:#f3ebda !important;}<\/style><div class=\"stk-block-icon-list-item__content\"><span class=\"stk--svg-wrapper\"><div class=\"stk--inner-svg\"><svg aria-hidden=\"true\" width=\"32\" height=\"32\"><use xlink:href=\"#stk-icon-list__icon-svg-def-6d192f1\"><\/use><\/svg><\/div><\/span><span class=\"stk-block-icon-list-item__text has-text-color\">About 40 minutes from Puy du Fou<\/span><\/div><\/li>\n\n\n\n<li class=\"wp-block-stackable-icon-list-item stk-block-icon-list-item stk-block stk-7699702\" data-block-id=\"7699702\"><style>.stk-7699702 .stk-block-icon-list-item__text{color:#f3ebda !important;}<\/style><div class=\"stk-block-icon-list-item__content\"><span class=\"stk--svg-wrapper\"><div class=\"stk--inner-svg\"><svg aria-hidden=\"true\" width=\"32\" height=\"32\"><use xlink:href=\"#stk-icon-list__icon-svg-def-6d192f1\"><\/use><\/svg><\/div><\/span><span class=\"stk-block-icon-list-item__text has-text-color\">40-50 minutes from most Vend\u00e9e beaches<\/span><\/div><\/li>\n\n\n\n<li class=\"wp-block-stackable-icon-list-item stk-block-icon-list-item stk-block stk-9ea7f70\" data-block-id=\"9ea7f70\"><style>.stk-9ea7f70 .stk-block-icon-list-item__text{color:#f3ebda !important;}<\/style><div class=\"stk-block-icon-list-item__content\"><span class=\"stk--svg-wrapper\"><div class=\"stk--inner-svg\"><svg aria-hidden=\"true\" width=\"32\" height=\"32\"><use xlink:href=\"#stk-icon-list__icon-svg-def-6d192f1\"><\/use><\/svg><\/div><\/span><span class=\"stk-block-icon-list-item__text has-text-color\">10 Michelin-starred restaurants in Vend\u00e9e, the nearest in La Roche Sur Yon<\/span><\/div><\/li>\n\n\n\n<li class=\"wp-block-stackable-icon-list-item stk-block-icon-list-item stk-block stk-f94d604\" data-block-id=\"f94d604\"><style>.stk-f94d604 .stk-block-icon-list-item__text{color:#f3ebda !important;}<\/style><div class=\"stk-block-icon-list-item__content\"><span class=\"stk--svg-wrapper\"><div class=\"stk--inner-svg\"><svg aria-hidden=\"true\" width=\"32\" height=\"32\"><use xlink:href=\"#stk-icon-list__icon-svg-def-6d192f1\"><\/use><\/svg><\/div><\/span><span class=\"stk-block-icon-list-item__text has-text-color\">6 hiking trails in the commune of Fouger\u00e9<\/span><\/div><\/li>\n<\/ul><\/div>\n\n\n\n<div class=\"wp-block-stackable-text stk-block-text stk-block stk-882d728\" data-block-id=\"882d728\"><style>.stk-882d728 {align-items:flex-start !important;display:flex !important;}.stk-882d728 .stk-block-text__text{color:var(--stk-global-color-70671, #f3ecda) !important;}<\/style><p class=\"stk-block-text__text has-text-color\">Here you'll find peace and nature, a swimming pool and hiking trails, a warm and friendly welcome and special attention for people with food intolerances.<\/p><\/div>\n<\/div><\/div><\/div>\n<\/div><\/div>\n<\/div><\/div><\/div>\n\n\n\n<div class=\"wp-block-stackable-column stk-block-column stk-column stk-block stk-9dfa704\" data-v=\"4\" data-block-id=\"9dfa704\"><style>@media screen and (min-width: 768px){.stk-9dfa704 {flex:var(--stk-flex-grow, 1) 1 calc(10.099999999999994% - var(--stk-column-gap, 0px) * 1 \/ 2 ) !important;}}<\/style><div class=\"stk-column-wrapper stk-block-column__content stk-container stk-9dfa704-container stk--no-background stk--no-padding\"><div class=\"stk-block-content stk-inner-blocks stk-9dfa704-inner-blocks\"><\/div><\/div><\/div>\n<\/div><\/div>","protected":false},"excerpt":{"rendered":"<p>Situ\u00e9 en plein c\u0153ur de la Vend\u00e9e, tr\u00e8s facile d\u2019acc\u00e8s, le domaine de Buchignon vous permet d\u2019alterner les visites culturelles, les excursions sur la c\u00f4te, de vivre l\u2019exp\u00e9rience du Puy du Fou, ou tout simplement de profiter de la piscine et du parc. A titre d\u2019exemples : Ici on trouve le calme et la nature, [&hellip;]<\/p>\n","protected":false},"author":1,"featured_media":828,"parent":0,"menu_order":0,"comment_status":"closed","ping_status":"closed","template":"","meta":{"_acf_changed":false,"_seopress_robots_primary_cat":"","_seopress_titles_title":"Les bonnes raisons de venir au Domaine de Buchignon","_seopress_titles_desc":"Notre Domaine est le point d'ancrage id\u00e9al pour d\u00e9couvrir la Vend\u00e9e. Ne manquez pas les plages, le Puy du Fou, les mus\u00e9es...","_seopress_robots_index":"","_vp_format_video_url":"","_vp_image_focal_point":[],"footnotes":""},"class_list":["post-610","page","type-page","status-publish","has-post-thumbnail","hentry"],"acf":[],"_links":{"self":[{"href":"https:\/\/domainedebuchignon.com\/en\/wp-json\/wp\/v2\/pages\/610","targetHints":{"allow":["GET"]}}],"collection":[{"href":"https:\/\/domainedebuchignon.com\/en\/wp-json\/wp\/v2\/pages"}],"about":[{"href":"https:\/\/domainedebuchignon.com\/en\/wp-json\/wp\/v2\/types\/page"}],"author":[{"embeddable":true,"href":"https:\/\/domainedebuchignon.com\/en\/wp-json\/wp\/v2\/users\/1"}],"replies":[{"embeddable":true,"href":"https:\/\/domainedebuchignon.com\/en\/wp-json\/wp\/v2\/comments?post=610"}],"version-history":[{"count":8,"href":"https:\/\/domainedebuchignon.com\/en\/wp-json\/wp\/v2\/pages\/610\/revisions"}],"predecessor-version":[{"id":985,"href":"https:\/\/domainedebuchignon.com\/en\/wp-json\/wp\/v2\/pages\/610\/revisions\/985"}],"wp:featuredmedia":[{"embeddable":true,"href":"https:\/\/domainedebuchignon.com\/en\/wp-json\/wp\/v2\/media\/828"}],"wp:attachment":[{"href":"https:\/\/domainedebuchignon.com\/en\/wp-json\/wp\/v2\/media?parent=610"}],"curies":[{"name":"wp","href":"https:\/\/api.w.org\/{rel}","templated":true}]}}