{"id":604,"date":"2025-06-19T09:47:38","date_gmt":"2025-06-19T07:47:38","guid":{"rendered":"https:\/\/domainedebuchignon.com\/?page_id=604"},"modified":"2025-07-22T12:12:02","modified_gmt":"2025-07-22T10:12:02","slug":"history-of-domaine-de-buchignon","status":"publish","type":"page","link":"https:\/\/domainedebuchignon.com\/en\/histoire-domaine-de-buchignon\/","title":{"rendered":"The story"},"content":{"rendered":"<div class=\"wp-block-stackable-columns alignfull stk-block-columns stk-block stk-56b8f87\" id=\"domaine\" data-block-id=\"56b8f87\"><style>.stk-56b8f87 .stk--block-align-56b8f87{align-items:flex-start !important;}.stk-56b8f87 {align-items:flex-start !important;display:flex !important;}<\/style><div class=\"stk-row stk-inner-blocks stk--block-align-56b8f87 stk-block-content stk-content-align stk-56b8f87-column alignfull\">\n<div class=\"wp-block-stackable-column stk-block-column stk-column stk-block stk-786965a stk-block-background\" data-v=\"4\" data-block-id=\"786965a\"><style>.stk-786965a {align-self:center !important;background-color:#43756c !important;box-shadow:2px -2px 9px 0px #0000007a !important;align-items:flex-start !important;display:flex !important;}.stk-786965a:before{background-color:#43756c !important;}@media screen and (min-width: 768px){.stk-786965a {flex:var(--stk-flex-grow, 1) 1 calc(89.9% - var(--stk-column-gap, 0px) * 1 \/ 2 ) !important;}}<\/style><div class=\"stk-column-wrapper stk-block-column__content stk-container stk-786965a-container stk--no-background stk--no-padding\"><div class=\"stk-block-content stk-inner-blocks stk-786965a-inner-blocks\">\n<div class=\"wp-block-stackable-columns stk-block-columns stk-block stk-e4a4085\" data-block-id=\"e4a4085\"><style>.stk-e4a4085 .stk--block-align-e4a4085{align-items:center !important;}.stk-e4a4085 {align-items:flex-start !important;padding-top:50px !important;padding-bottom:50px !important;display:flex !important;}.stk-e4a4085-column{max-width:1366px !important;min-width:auto !important;}<\/style><div class=\"stk-row stk-inner-blocks stk--block-align-e4a4085 stk-block-content stk-content-align stk-e4a4085-column\">\n<div class=\"wp-block-stackable-column stk-block-column stk-column stk-block stk-bd807a2\" data-v=\"4\" data-block-id=\"bd807a2\"><style>.stk-bd807a2 {align-items:flex-start !important;display:flex !important;}@media screen and (min-width: 768px){.stk-bd807a2 {flex:var(--stk-flex-grow, 1) 1 calc(44.9% - var(--stk-column-gap, 0px) * 1 \/ 2 ) !important;}}<\/style><div class=\"stk-column-wrapper stk-block-column__content stk-container stk-bd807a2-container stk--no-background stk--no-padding\"><div class=\"stk-block-content stk-inner-blocks stk-bd807a2-inner-blocks\">\n<div class=\"wp-block-stackable-image stk-block-image stk-block stk-e437fbb\" data-block-id=\"e437fbb\"><style>.stk-e437fbb {box-shadow:-2px -2px 10px 0px #00000070 !important;}.stk-e437fbb .stk-img-wrapper{width:100% !important;height:588px !important;}@media screen and (max-width: 767px){.stk-e437fbb .stk-img-wrapper{height:300px !important;}}<\/style><figure><span class=\"stk-img-wrapper stk-image--shape-stretch\"><img loading=\"lazy\" decoding=\"async\" class=\"stk-img wp-image-828\" src=\"https:\/\/domainedebuchignon.com\/wp-content\/uploads\/2025\/06\/chateau-1_webformat.webp\" width=\"1512\" height=\"2016\" alt=\"welcome to domaine de buchignon\" srcset=\"https:\/\/domainedebuchignon.com\/wp-content\/uploads\/2025\/06\/chateau-1_webformat.webp 1512w, https:\/\/domainedebuchignon.com\/wp-content\/uploads\/2025\/06\/chateau-1_webformat-225x300.webp 225w, https:\/\/domainedebuchignon.com\/wp-content\/uploads\/2025\/06\/chateau-1_webformat-768x1024.webp 768w, https:\/\/domainedebuchignon.com\/wp-content\/uploads\/2025\/06\/chateau-1_webformat-1152x1536.webp 1152w, https:\/\/domainedebuchignon.com\/wp-content\/uploads\/2025\/06\/chateau-1_webformat-500x667.webp 500w, https:\/\/domainedebuchignon.com\/wp-content\/uploads\/2025\/06\/chateau-1_webformat-800x1067.webp 800w, https:\/\/domainedebuchignon.com\/wp-content\/uploads\/2025\/06\/chateau-1_webformat-1280x1707.webp 1280w\" sizes=\"auto, (max-width: 1512px) 100vw, 1512px\" \/><\/span><\/figure><\/div>\n<\/div><\/div><\/div>\n\n\n\n<div class=\"wp-block-stackable-column stk-block-column stk-column stk-block stk-449e8f6\" data-v=\"4\" data-block-id=\"449e8f6\"><style>.stk-449e8f6 {align-items:flex-start !important;display:flex !important;}@media screen and (min-width: 768px){.stk-449e8f6 {flex:var(--stk-flex-grow, 1) 1 calc(55.1% - var(--stk-column-gap, 0px) * 1 \/ 2 ) !important;}}<\/style><div class=\"stk-column-wrapper stk-block-column__content stk-container stk-449e8f6-container stk--no-background stk--no-padding\"><div class=\"stk-block-content stk-inner-blocks stk-449e8f6-inner-blocks\">\n<div class=\"wp-block-stackable-text stk-block-text stk-block stk-51a512c\" data-block-id=\"51a512c\"><style>.stk-51a512c {align-items:flex-start !important;display:flex !important;}.stk-51a512c .stk-block-text__text{color:var(--stk-global-color-70671, #f3ecda) !important;}<\/style><p class=\"stk-block-text__text has-text-color\">Henry Levesque de Puyberneau had the new neo-classical Ch\u00e2teau de Buchignon built in 1839 as a wedding present for his young wife, Louise-Delphine de Lespinay.<br>Their daughter Henriette Potiron de Boisfleury inherited the property and sold it to her cousin Z\u00e9nobe-Alexis de Lespinay, Member of Parliament for the Vend\u00e9e and great-grandfather of Isabelle, the current owner.<\/p><\/div>\n\n\n\n<div class=\"wp-block-stackable-text stk-block-text stk-block stk-de74a9e\" data-block-id=\"de74a9e\"><style>.stk-de74a9e .stk-block-text__text{color:#f3ebda !important;}<\/style><p class=\"stk-block-text__text has-text-color\">In order to supply the castle with running water, a water tower was built in the early 20th century in an old-fashioned style, known as a \"folly\".<\/p><\/div>\n\n\n\n<div class=\"wp-block-stackable-text stk-block-text stk-block stk-c1901f9\" data-block-id=\"c1901f9\"><style>.stk-c1901f9 .stk-block-text__text{color:#f3ebda !important;}<\/style><p class=\"stk-block-text__text has-text-color\">The charm and originality of this tower led us to choose it as our logo.<\/p><\/div>\n\n\n\n<div class=\"wp-block-stackable-text stk-block-text stk-block stk-0354d53\" data-block-id=\"0354d53\"><style>.stk-0354d53 {align-items:flex-start !important;display:flex !important;}.stk-0354d53 .stk-block-text__text{color:var(--stk-global-color-70671, #f3ecda) !important;}<\/style><p class=\"stk-block-text__text has-text-color\"><em>\"For 3 generations, the estate has been part of our family history, and we are committed to maintaining it and, above all, bringing it to life by welcoming family, friends and now our guests.<br>That's why Geoffroy and I have just completed our first restoration campaign, enabling us to offer you a range of holidays that combine tradition and modern comfort.<\/em><\/p><\/div>\n\n\n\n<div class=\"wp-block-stackable-image stk-block-image stk-block stk-a404064\" data-block-id=\"a404064\"><style>.stk-a404064 .stk-img-wrapper{width:100px !important;}<\/style><figure><span class=\"stk-img-wrapper stk-image--shape-stretch\"><img loading=\"lazy\" decoding=\"async\" class=\"stk-img wp-image-819\" src=\"https:\/\/domainedebuchignon.com\/wp-content\/uploads\/2025\/06\/dessin.png\" width=\"716\" height=\"791\" alt=\"tour domaine de buchignon\" srcset=\"https:\/\/domainedebuchignon.com\/wp-content\/uploads\/2025\/06\/dessin.png 716w, https:\/\/domainedebuchignon.com\/wp-content\/uploads\/2025\/06\/dessin-272x300.png 272w, https:\/\/domainedebuchignon.com\/wp-content\/uploads\/2025\/06\/dessin-500x552.png 500w\" sizes=\"auto, (max-width: 716px) 100vw, 716px\" \/><\/span><\/figure><\/div>\n<\/div><\/div><\/div>\n<\/div><\/div>\n<\/div><\/div><\/div>\n\n\n\n<div class=\"wp-block-stackable-column stk-block-column stk-column stk-block stk-9dfa704\" data-v=\"4\" data-block-id=\"9dfa704\"><style>@media screen and (min-width: 768px){.stk-9dfa704 {flex:var(--stk-flex-grow, 1) 1 calc(10.099999999999994% - var(--stk-column-gap, 0px) * 1 \/ 2 ) !important;}}<\/style><div class=\"stk-column-wrapper stk-block-column__content stk-container stk-9dfa704-container stk--no-background stk--no-padding\"><div class=\"stk-block-content stk-inner-blocks stk-9dfa704-inner-blocks\"><\/div><\/div><\/div>\n<\/div><\/div>\n\n\n\n<div class=\"wp-block-stackable-columns alignfull stk-block-columns stk-block stk-40e0b1c\" id=\"domaine\" data-block-id=\"40e0b1c\"><style>.stk-40e0b1c .stk--block-align-40e0b1c{align-items:flex-start !important;}.stk-40e0b1c {align-items:flex-start !important;display:flex !important;}<\/style><div class=\"stk-row stk-inner-blocks stk--block-align-40e0b1c stk-block-content stk-content-align stk-40e0b1c-column alignfull\">\n<div class=\"wp-block-stackable-column stk-block-column stk-column stk-block stk-befead6\" data-v=\"4\" data-block-id=\"befead6\"><div class=\"stk-column-wrapper stk-block-column__content stk-container stk-befead6-container stk--no-background stk--no-padding\"><div class=\"stk-block-content stk-inner-blocks stk-befead6-inner-blocks\"><\/div><\/div><\/div>\n<\/div><\/div>","protected":false},"excerpt":{"rendered":"<p>Henry Levesque de Puyberneau fait construire le nouveau ch\u00e2teau de Buchignon, de style n\u00e9o-classique en 1839 pour l\u2019offrir en cadeau de mariage \u00e0 sa jeune \u00e9pouse, Louise-Delphine de Lespinay.Leur fille Henriette Potiron de Boisfleury en h\u00e9rite et le vend \u00e0 son cousin Z\u00e9nobe-Alexis de Lespinay, d\u00e9put\u00e9 de la Vend\u00e9e, arri\u00e8re-grand-p\u00e8re d\u2019Isabelle, l\u2019actuelle propri\u00e9taire. Afin d\u2019alimenter [&hellip;]<\/p>\n","protected":false},"author":1,"featured_media":834,"parent":0,"menu_order":0,"comment_status":"closed","ping_status":"closed","template":"","meta":{"_acf_changed":false,"_seopress_robots_primary_cat":"","_seopress_titles_title":"L'histoire du Domaine de Buchignon en Vend\u00e9e","_seopress_titles_desc":"D\u00e9couvrez l'histoire de notre Domaine familial en Vend\u00e9e. Venez s\u00e9journer dans nos chambres haut de gamme, au coeur d'un domaine avec piscine.","_seopress_robots_index":"","_vp_format_video_url":"","_vp_image_focal_point":[],"footnotes":""},"class_list":["post-604","page","type-page","status-publish","has-post-thumbnail","hentry"],"acf":[],"_links":{"self":[{"href":"https:\/\/domainedebuchignon.com\/en\/wp-json\/wp\/v2\/pages\/604","targetHints":{"allow":["GET"]}}],"collection":[{"href":"https:\/\/domainedebuchignon.com\/en\/wp-json\/wp\/v2\/pages"}],"about":[{"href":"https:\/\/domainedebuchignon.com\/en\/wp-json\/wp\/v2\/types\/page"}],"author":[{"embeddable":true,"href":"https:\/\/domainedebuchignon.com\/en\/wp-json\/wp\/v2\/users\/1"}],"replies":[{"embeddable":true,"href":"https:\/\/domainedebuchignon.com\/en\/wp-json\/wp\/v2\/comments?post=604"}],"version-history":[{"count":11,"href":"https:\/\/domainedebuchignon.com\/en\/wp-json\/wp\/v2\/pages\/604\/revisions"}],"predecessor-version":[{"id":1015,"href":"https:\/\/domainedebuchignon.com\/en\/wp-json\/wp\/v2\/pages\/604\/revisions\/1015"}],"wp:featuredmedia":[{"embeddable":true,"href":"https:\/\/domainedebuchignon.com\/en\/wp-json\/wp\/v2\/media\/834"}],"wp:attachment":[{"href":"https:\/\/domainedebuchignon.com\/en\/wp-json\/wp\/v2\/media?parent=604"}],"curies":[{"name":"wp","href":"https:\/\/api.w.org\/{rel}","templated":true}]}}