{"id":598,"date":"2025-06-16T10:48:30","date_gmt":"2025-06-16T08:48:30","guid":{"rendered":"https:\/\/domainedebuchignon.com\/?page_id=598"},"modified":"2025-06-24T12:29:43","modified_gmt":"2025-06-24T10:29:43","slug":"site-map","status":"publish","type":"page","link":"https:\/\/domainedebuchignon.com\/en\/plan-du-site\/","title":{"rendered":"Site map"},"content":{"rendered":"<div class=\"wp-block-wpseopress-sitemap\"><div class=\"wrap-html-sitemap sp-html-sitemap\"><div class=\"sp-wrap-cpt\"><h2 class=\"sp-cpt-name\">Pages<\/h2><ul class=\"sp-list-posts sp-cpt-hierarchical\"><li class=\"page_item page-item-1050\"><a href=\"https:\/\/domainedebuchignon.com\/en\/politique-de-cookies-ue\/\">Cookie policy (EU)<\/a><\/li><li class=\"page_item page-item-1052\"><a href=\"https:\/\/domainedebuchignon.com\/en\/declaration-de-confidentialite-ue\/\">Privacy statement (EU)<\/a><\/li><li class=\"page_item page-item-746\"><a href=\"https:\/\/domainedebuchignon.com\/en\/vallee-de-l-yon\/\">The Yon Valley<\/a><\/li><li class=\"page_item page-item-733\"><a href=\"https:\/\/domainedebuchignon.com\/en\/decouverte-du-veillon\/\">Discovering Le Veillon<\/a><\/li><li class=\"page_item page-item-725\"><a href=\"https:\/\/domainedebuchignon.com\/en\/photos-videos\/\">Photos<\/a><\/li><li class=\"page_item page-item-691\"><a href=\"https:\/\/domainedebuchignon.com\/en\/faq\/\">FAQ<\/a><\/li><li class=\"page_item page-item-676\"><a href=\"https:\/\/domainedebuchignon.com\/en\/acces-contact\/\">Access \/ Contact<\/a><\/li><li class=\"page_item page-item-643\"><a href=\"https:\/\/domainedebuchignon.com\/en\/chambre-zenobe\/\">Zenobe room<\/a><\/li><li class=\"page_item page-item-636\"><a href=\"https:\/\/domainedebuchignon.com\/en\/chambre-geoffroy\/\">Geoffroy room<\/a><\/li><li class=\"page_item page-item-626\"><a href=\"https:\/\/domainedebuchignon.com\/en\/chambre-marie-therese\/\">Marie-Th\u00e9r\u00e8se room<\/a><\/li><li class=\"page_item page-item-614\"><a href=\"https:\/\/domainedebuchignon.com\/en\/chambre-denyse\/\">Denyse room<\/a><\/li><li class=\"page_item page-item-610\"><a href=\"https:\/\/domainedebuchignon.com\/en\/les-bonnes-raisons-de-venir\/\">Good reasons to come<\/a><\/li><li class=\"page_item page-item-604\"><a href=\"https:\/\/domainedebuchignon.com\/en\/histoire-domaine-de-buchignon\/\">The story<\/a><\/li><li class=\"page_item page-item-600\"><a href=\"https:\/\/domainedebuchignon.com\/en\/mentions-legales\/\">Legal information<\/a><\/li><li class=\"page_item page-item-598\"><a href=\"https:\/\/domainedebuchignon.com\/en\/plan-du-site\/\">Site map<\/a><\/li><li class=\"page_item page-item-561\"><a href=\"https:\/\/domainedebuchignon.com\/en\/services-chambres-dhotes-vendee\/\">The services of our Domaine<\/a><\/li><\/ul><\/div><\/div><\/div>","protected":false},"excerpt":{"rendered":"","protected":false},"author":1,"featured_media":288,"parent":0,"menu_order":0,"comment_status":"closed","ping_status":"closed","template":"","meta":{"_acf_changed":false,"_seopress_robots_primary_cat":"","_seopress_titles_title":"Plan du site - Domaine de Buchignon","_seopress_titles_desc":"D\u00e9couvrez le plan du site du site internet du Domaine de Buchignon. Domaine avec \u00e9tang, piscine chauff\u00e9e, terrain de tennis, badminton.","_seopress_robots_index":"","_vp_format_video_url":"","_vp_image_focal_point":[],"footnotes":""},"class_list":["post-598","page","type-page","status-publish","has-post-thumbnail","hentry"],"acf":[],"_links":{"self":[{"href":"https:\/\/domainedebuchignon.com\/en\/wp-json\/wp\/v2\/pages\/598","targetHints":{"allow":["GET"]}}],"collection":[{"href":"https:\/\/domainedebuchignon.com\/en\/wp-json\/wp\/v2\/pages"}],"about":[{"href":"https:\/\/domainedebuchignon.com\/en\/wp-json\/wp\/v2\/types\/page"}],"author":[{"embeddable":true,"href":"https:\/\/domainedebuchignon.com\/en\/wp-json\/wp\/v2\/users\/1"}],"replies":[{"embeddable":true,"href":"https:\/\/domainedebuchignon.com\/en\/wp-json\/wp\/v2\/comments?post=598"}],"version-history":[{"count":5,"href":"https:\/\/domainedebuchignon.com\/en\/wp-json\/wp\/v2\/pages\/598\/revisions"}],"predecessor-version":[{"id":797,"href":"https:\/\/domainedebuchignon.com\/en\/wp-json\/wp\/v2\/pages\/598\/revisions\/797"}],"wp:featuredmedia":[{"embeddable":true,"href":"https:\/\/domainedebuchignon.com\/en\/wp-json\/wp\/v2\/media\/288"}],"wp:attachment":[{"href":"https:\/\/domainedebuchignon.com\/en\/wp-json\/wp\/v2\/media?parent=598"}],"curies":[{"name":"wp","href":"https:\/\/api.w.org\/{rel}","templated":true}]}}